{"id":1392,"date":"2022-05-24T12:15:58","date_gmt":"2022-05-24T10:15:58","guid":{"rendered":"https:\/\/kiszo.hhrf.org\/seo\/?page_id=1392"},"modified":"2024-06-12T08:51:44","modified_gmt":"2024-06-12T06:51:44","slug":"telikert-mobil-terasz","status":"publish","type":"page","link":"https:\/\/kiszo.hhrf.org\/seo\/mentes\/telikert-mobil-terasz\/","title":{"rendered":"T\u00e9likertb\u0151l mobillal Facebook-teraszra"},"content":{"rendered":"<h2>Mobil t\u00e9likertek vagy be\u00e9p\u00edtett terasz?<\/h2>\n<div id=\"attachment_1397\" style=\"width: 310px\" class=\"wp-caption alignleft\"><a href=\"https:\/\/kiszo.hhrf.org\/seo\/wp-content\/uploads\/2022\/05\/muanyag-mobil-telikert.jpg\"><img decoding=\"async\" aria-describedby=\"caption-attachment-1397\" class=\"wp-image-1397 size-full\" src=\"https:\/\/kiszo.hhrf.org\/seo\/wp-content\/uploads\/2022\/05\/muanyag-mobil-telikert.jpg\" alt=\"Mobil t\u00e9likert - m\u0171anyag\" width=\"300\" height=\"155\" srcset=\"https:\/\/kiszo.hhrf.org\/seo\/wp-content\/uploads\/2022\/05\/muanyag-mobil-telikert.jpg 300w, https:\/\/kiszo.hhrf.org\/seo\/wp-content\/uploads\/2022\/05\/muanyag-mobil-telikert-260x134.jpg 260w, https:\/\/kiszo.hhrf.org\/seo\/wp-content\/uploads\/2022\/05\/muanyag-mobil-telikert-150x78.jpg 150w, https:\/\/kiszo.hhrf.org\/seo\/wp-content\/uploads\/2022\/05\/muanyag-mobil-telikert-20x10.jpg 20w\" sizes=\"(max-width: 300px) 100vw, 300px\" \/><\/a><p id=\"caption-attachment-1397\" class=\"wp-caption-text\">M\u0171anyag-ablak elemekb\u0151l \u00e9p\u00edtett mobil t\u00e9likert n\u00f6v\u00e9nyeknek<\/p><\/div>\n<p>Magyarorsz\u00e1gon m\u00e9g nem n\u00e9pszer\u0171 a mozgathat\u00f3, helyben percek alatt m\u0171anyag elemekb\u0151l \u00f6ssze\u00e1ll\u00edthat\u00f3 <strong>mobil t\u00e9likert<\/strong>. A mediterr\u00e1n \u00e9s karibi orsz\u00e1gokban b\u0151ven tal\u00e1lkozhatsz ilyenekkel. N\u00e1lunk m\u00e9g gyakoribb <em>a n\u00f6v\u00e9nyh\u00e1znak be\u00e9p\u00edtett terasz<\/em>. Az \u00fcvegh\u00e1z elhelyez\u00e9s\u00e9re szolg\u00e1l\u00f3 hely kiv\u00e1laszt\u00e1sakor bizonyos krit\u00e9riumokat kell k\u00f6vetni. Fontos a j\u00f3 l\u00e9g\u00e1raml\u00e1s biztos\u00edt\u00e1sa is. Ehhez szell\u0151z\u0151ny\u00edl\u00e1sokat k\u00e9sz\u00edtenek ventil\u00e1torral \u00e9s l\u00e9gsz\u0171r\u0151kkel. \u00c1ltal\u00e1ban a mobil <a title=\"Szolg\u00e1ltat\u00e1sok t\u00e9likert\u00e9p\u00edt\u00e9shez. \u00c1rak\" href=\"https:\/\/szolgaltatas.seo-google.hu\/szolgaltatasok-telikertepiteshez-arak\/\" target=\"_blank\" rel=\"noopener\">t\u00e9likert \u00e9p\u00edt\u00e9si szolg\u00e1ltat\u00e1s<\/a> r\u00e9sze a burkol\u00e1s \u00e9s az \u00f6nt\u00f6z\u0151rendszer l\u00e9tes\u00edt\u00e9se is.<\/p>\n<h3>Hajnali f\u00e9l egy, rekken\u0151 \u0151szi, mediterr\u00e1n h\u0151s\u00e9g<\/h3>\n<p>Budapest messze van. A h\u00e1rom l\u00e1ny onnan \u00e9rkezett. Itt most hol kivonulnak a f\u00e9lig z\u00e1rt, \u00fcvegtet\u0151vel fedett, p\u00e1lmakertnek t\u0171n\u0151 teraszra, hol visszaj\u00f6n a b\u00e1rba, mintha nem tal\u00e1ln\u00e1k a megfelel\u0151 helysz\u00ednt a performanszhoz. Mindegy, p\u00e1lmah\u00e1z vagy kerti terasz, csak felkelts\u00e9k a figyelmet. A fedett terasz t\u00falzs\u00fafolt, a vend\u00e9gek \u00f3vatosan kortyolj\u00e1k a helyi \u00e1rakhoz p\u00e1szol\u00f3 dr\u00e1ga italokat, de semmi sem el\u00e9g dr\u00e1ga ahhoz k\u00e9pest, hogy a sz\u00ednpadon az \u00e9nekesn\u0151 szabadt\u00e9ri. Ritka az \u00e9l\u0151 hang errefel\u00e9. A spanyol n\u0151 most \u00e9ppen megtekeri a salsa alapl\u00e9p\u00e9s\u00e9t; cs\u00edp\u0151je r\u00e1ng, hossz\u00fa, fekete haja libben&#8230; Ez minimum j\u00e1r a turist\u00e1knak ott, ahol 9.50 \u20ac egy kokt\u00e9l. Eur\u00f3ban, igen. Az \u00e9nekesn\u0151 \u00e9lett\u00e1rsa az els\u0151 boxban izgul; harminccal id\u0151sebb, \u00e9s morcos, ha szerelme nem hoz haza el\u00e9g p\u00e9nzt, de akkor is, ha az el\u0151ad\u00e1st t\u00falmozogja. Ezt persze senki sem felt\u00e9telezi.<\/p>\n<p>Amikor h\u00e1rom n\u0151 megy valahov\u00e1 bulizni, kiv\u00e9dhetetlen, hogy legyen egy vez\u00e9rcsillag. Pszichol\u00f3giailag. M\u00e1r kett\u0151n\u00e9l is, de mindegy. T\u00fcnd\u00f6k\u00f6l a l\u00e1ny, ha kell, ha nem; t\u00f6rt\u00e9net\u00fcnk f\u0151h\u0151sn\u0151je &#8211; nevezz\u00fck Arvisur\u00e1nak &#8211; mel\u00edrja friss, az arca f\u00e1radt. Lehet vagy huszon\u00f6t. F\u00e9rjezetlen, nyilv\u00e1n nem tal\u00e1lja az igazit, mindenkihez k\u00e9pest t\u00fal j\u00f3, t\u00fal iskol\u00e1zatlan, pedig tudja, mi az a <em>conservatory<\/em>. T\u00fal v\u00e9kony a dereka, t\u00fal vastag a combja. L\u00e9nyegtelen; nem \u00e9rdemlik meg ezek az \u00fcvegh\u00e1zi szerencs\u00e9tlenek, azt\u00e1n k\u00e9sz. Van ez \u00edgy. Forr\u00f3nadr\u00e1gj\u00e1t t\u00falhev\u00edtette, r\u00f6videbb is a kellet\u00e9n\u00e9l, divatosan kil\u00f3gnak a zsebei, b\u00e1r nagy a h\u0151s\u00e9g, ez t\u00e9ny. Seggbev\u00e1g\u00f3an meleg. Zsebbev\u00e1g\u00f3an, akarom mondani. Nyaral, ha valaki nem tudn\u00e1. Bar\u00e1tn\u0151i csod\u00e1lj\u00e1k.<\/p>\n<p>Unottan \u00fcl\u00f6k a pultn\u00e1l, iszom a h\u00fclye kis italom, \u00e9s ha retro megfogalmaz\u00e1sban gondolkodn\u00e9k, a legkomolyabban azt \u00edrn\u00e1m: nem \u00e9r a nevem, k\u00e1poszta a fejem. M\u00e1s meg azt, hogy nem vagyunk egyform\u00e1k. \u00c9n legal\u00e1bbis nem vagyok egyforma.<\/p>\n<h3>Van Wi-Fi, itt a mobil, teraszfot\u00f3 a Facebookra<\/h3>\n<p>El\u0151ker\u00fcl a mobil. Vagyis, el sincs rakva, a mobil a szem, a f\u00fcl, a jelen. F\u00e9lelmetes. Egym\u00e1st fot\u00f3zz\u00e1k, p\u00f3zokba \u00e1llnak, villog a be\u00e9p\u00edtett vaku. A m\u00e1sik k\u00e9t l\u00e1ny sz\u00f3ra sem \u00e9rdemes, egyet l\u00e1tt\u00e1l, l\u00e1ttad mind t\u00edpus. Ha valamelyik b\u0171ncselekm\u00e9nyt k\u00f6vetne el, \u00e9s \u00e9n lenn\u00e9k az egyetlen szemtan\u00fa, b\u00edzisten nem ismern\u00e9m meg, m\u00e9g kett\u0151 k\u00f6z\u00fcl sem a rend\u0151rs\u00e9gi <em>\u00fcvegfalon<\/em> \u00e1t. Uniformiz\u00e1l\u00f3dott tin\u00e9dzserek, vagyis hun\u00e9dzserek, ugyanis most el van cs\u00faszva a vil\u00e1g vagy t\u00edz \u00e9vvel. Az \u00e9n any\u00e1m ennyi id\u0151sen gyereket nevelt, h\u00e1ztart\u00e1st vezetett, kertet \u00e9p\u00edtett, ezeknek meg az arc\u00e1ra van \u00edrva, hogy az utca nev\u00e9t nem tudj\u00e1k megjegyezni, ahol a sz\u00e1ll\u00e1suk van. \u00c9rthetetlen, hogy tal\u00e1ltak el id\u00e1ig. Tal\u00e1n fot\u00f3k szerint.<\/p>\n<p>M\u00e1r szinte burleszk, ami m\u0171velnek. M\u00e1r a kezdetekkor kider\u00fclt, hogy csup\u00e1n az\u00e9rt maradnak, mert van wi-fi. T\u00edz perc adatr\u00f6gz\u00edt\u00e9s, f\u00e9l \u00f3ra \u00fccs\u00f6rg\u00e9s h\u00e1rom \u00fcd\u00edt\u0151 mellett a napf\u00e9nyes terasz \u00e1rny\u00e9kos oldal\u00e1n. Azt\u00e1n felmennek a k\u00e9pek a facebookra, azonnal reag\u00e1lnak a budapesti bar\u00e1tn\u0151k irigykedve. B\u00f3kok bezsebel\u00e9se, b\u00e1rcsak ott lenn\u00e9nk, t\u00f6k j\u00f3l n\u00e9ztek ki, vagy hasonl\u00f3k. Hogy fergeteg a parti, hogy meg\u00e9rte elmenni, hogy holdf\u00e9ny, sz\u00e1ns\u00e1jn, tengerpart, a v\u00e1rosban pedig gy\u00f6ny\u00f6r\u0171 <em>mediterr\u00e1n p\u00e1lmah\u00e1z<\/em> lepkegy\u0171jtem\u00e9nnyel. Mintha forgat\u00e1st l\u00e1tn\u00e9k, a d\u00edszlet adott, csak a jelen pillanata semmis\u00fcl meg minden gombnyomta m\u00e1sodpercben. A l\u00e1nyok k\u00f6rben \u00fclnek, megy a facebook-sze\u00e1nsz, nehogy k\u00e1rba vesszen egyetlen m\u00e1sodperc is. Szerintem azt sem tudj\u00e1k, hol vannak, majd esetleg otthon, majd akkor n\u00e9znek nagyot: j\u00e9, de sz\u00e9p!<\/p>\n<h2>A be\u00e9p\u00edtett m\u0171anyag terasz el\u0151nyei<\/h2>\n<p>A mobil t\u00e9likertek j\u00f3l j\u00f6nnek ak\u00e1r a tengerparton is. De ez a mulat\u00f3nak, b\u00e1rnak kialak\u00edtott <strong>be\u00e9p\u00edtett terasz<\/strong> m\u00e9gis men\u0151bb. A pultban a fi\u00fak lemond\u00f3an mosolyognak. Vicc az eg\u00e9sz. K\u00e1r ezekbe minden, ami term\u00e9szetes, t\u00f6rt\u00e9nelmi, vagy \u00e9rt\u00e9kes. K\u00e1r ezekbe a holdf\u00e9ny. Maradhattak volna otthon egy sz\u00e9p plak\u00e1t el\u0151tt, t\u00f6k mindegy. Az ecuadori mixer azt\u00e1n v\u00e9gs\u0151 konkl\u00fazi\u00f3k\u00e9nt elmondja a magyar mondatok egyik\u00e9t, amit ismer: &#8216;kibaszott H\u00f3kuszp\u00f3k, sum\u00e1k geci.&#8221; \u00c9s maxim\u00e1lisan egyet\u00e9rtek vele.<\/p>\n<p>K\u00f6zben \u00e9rkezik a mobiltelefonra a h\u00edr otthonr\u00f3l: <strong>Kerti terasz be\u00e9p\u00edt\u00e9s<\/strong> garanci\u00e1val &#8211;<a title=\"Budapest Terasz \u2013 mobil t\u00e9likertek\" href=\"https:\/\/tartalommarketing.net\/budapest-terasz-mobil-telikert\/\" target=\"_blank\" rel=\"noopener\"> m\u0171anyag mobil t\u00e9likert \u00e9p\u00edt\u00e9s Budapesten<\/a> karibi hangulattal \u00fcveg telefon t\u00e1rsas\u00e1g\u00e1ban.<\/p>\n","protected":false},"excerpt":{"rendered":"<p>Mobil t\u00e9likertek vagy be\u00e9p\u00edtett terasz? Magyarorsz\u00e1gon m\u00e9g nem n\u00e9pszer\u0171 a mozgathat\u00f3, helyben percek alatt m\u0171anyag elemekb\u0151l \u00f6ssze\u00e1ll\u00edthat\u00f3 mobil t\u00e9likert. A mediterr\u00e1n \u00e9s karibi orsz\u00e1gokban b\u0151ven tal\u00e1lkozhatsz ilyenekkel. N\u00e1lunk m\u00e9g gyakoribb a n\u00f6v\u00e9nyh\u00e1znak be\u00e9p\u00edtett terasz. Az \u00fcvegh\u00e1z elhelyez\u00e9s\u00e9re szolg\u00e1l\u00f3 hely kiv\u00e1laszt\u00e1sakor bizonyos krit\u00e9riumokat kell k\u00f6vetni. Fontos a&#8230;<\/p>\n<p class=\"continue-reading-button\"> <a class=\"continue-reading-link\" href=\"https:\/\/kiszo.hhrf.org\/seo\/mentes\/telikert-mobil-terasz\/\">Itt a teljes cikk<i class=\"crycon-right-dir\"><\/i><\/a><\/p>\n","protected":false},"author":1,"featured_media":0,"parent":1308,"menu_order":0,"comment_status":"closed","ping_status":"closed","template":"","meta":{"footnotes":""},"categories":[144],"tags":[168],"class_list":["post-1392","page","type-page","status-publish","hentry","category-eletmod","tag-budapest"],"aioseo_notices":[],"_links":{"self":[{"href":"https:\/\/kiszo.hhrf.org\/seo\/wp-json\/wp\/v2\/pages\/1392","targetHints":{"allow":["GET"]}}],"collection":[{"href":"https:\/\/kiszo.hhrf.org\/seo\/wp-json\/wp\/v2\/pages"}],"about":[{"href":"https:\/\/kiszo.hhrf.org\/seo\/wp-json\/wp\/v2\/types\/page"}],"author":[{"embeddable":true,"href":"https:\/\/kiszo.hhrf.org\/seo\/wp-json\/wp\/v2\/users\/1"}],"replies":[{"embeddable":true,"href":"https:\/\/kiszo.hhrf.org\/seo\/wp-json\/wp\/v2\/comments?post=1392"}],"version-history":[{"count":0,"href":"https:\/\/kiszo.hhrf.org\/seo\/wp-json\/wp\/v2\/pages\/1392\/revisions"}],"up":[{"embeddable":true,"href":"https:\/\/kiszo.hhrf.org\/seo\/wp-json\/wp\/v2\/pages\/1308"}],"wp:attachment":[{"href":"https:\/\/kiszo.hhrf.org\/seo\/wp-json\/wp\/v2\/media?parent=1392"}],"wp:term":[{"taxonomy":"category","embeddable":true,"href":"https:\/\/kiszo.hhrf.org\/seo\/wp-json\/wp\/v2\/categories?post=1392"},{"taxonomy":"post_tag","embeddable":true,"href":"https:\/\/kiszo.hhrf.org\/seo\/wp-json\/wp\/v2\/tags?post=1392"}],"curies":[{"name":"wp","href":"https:\/\/api.w.org\/{rel}","templated":true}]}}