{"id":1450,"date":"2022-11-18T16:26:37","date_gmt":"2022-11-18T14:26:37","guid":{"rendered":"https:\/\/kiszo.hhrf.org\/seo\/?page_id=1450"},"modified":"2024-11-08T14:36:04","modified_gmt":"2024-11-08T12:36:04","slug":"online-tartalom-marketing","status":"publish","type":"page","link":"https:\/\/kiszo.hhrf.org\/seo\/online-tartalom-marketing\/","title":{"rendered":"Online tartalom marketing: Laptop-t\u00f6lt\u0151 SEO"},"content":{"rendered":"<h1>2024: Laptop alkatr\u00e9szek online<\/h1>\n<p><img decoding=\"async\" class=\"alignnone size-full wp-image-1545\" src=\"https:\/\/kiszo.hhrf.org\/seo\/wp-content\/uploads\/2024\/11\/laptop-alkatresz-aruhaz.jpg\" alt=\"Laptop alkatr\u00e9szek:  akku t\u00f6lt\u0151\" width=\"640\" height=\"457\" srcset=\"https:\/\/kiszo.hhrf.org\/seo\/wp-content\/uploads\/2024\/11\/laptop-alkatresz-aruhaz.jpg 640w, https:\/\/kiszo.hhrf.org\/seo\/wp-content\/uploads\/2024\/11\/laptop-alkatresz-aruhaz-300x214.jpg 300w, https:\/\/kiszo.hhrf.org\/seo\/wp-content\/uploads\/2024\/11\/laptop-alkatresz-aruhaz-260x186.jpg 260w, https:\/\/kiszo.hhrf.org\/seo\/wp-content\/uploads\/2024\/11\/laptop-alkatresz-aruhaz-150x107.jpg 150w, https:\/\/kiszo.hhrf.org\/seo\/wp-content\/uploads\/2024\/11\/laptop-alkatresz-aruhaz-20x14.jpg 20w\" sizes=\"(max-width: 640px) 100vw, 640px\" \/><\/p>\n<p>B\u00e1r a k\u00e9pen egy val\u00f3s l<em>aptop alkatr\u00e9sz \u00e1ruh\u00e1z<\/em> kirakata l\u00e1tszik k\u00fcl\u00f6nb\u00f6z\u0151 alkatr\u00e9szekkel, sokak n\u00e9zete szerint l\u0151ny\u00f6sebb online \u00e1ruh\u00e1zakban v\u00e1s\u00e1rolni. Nagyobb a v\u00e1laszt\u00e9k, kedvez\u0151bbek az \u00e1rak, jelent\u0151s \u00e9rt\u00e9k\u0171 v\u00e1s\u00e1rl\u00e1s eset\u00e9ben ingyenes a h\u00e1zhoz sz\u00e1ll\u00edt\u00e1s.<\/p>\n<p>\u00cdgy egyre t\u00f6bben veszik ig\u00e9nybe olyan notebook webshop szolg\u00e1ltat\u00e1sait, amely akkumul\u00e1torok, t\u00f6lt\u0151k, kijelz\u0151k, mem\u00f3ri\u00e1k \u00e9s SSD t\u00e1rhelyek sz\u00e9les k\u00edn\u00e1lat\u00e1t t\u00e1rja az \u00e9rdekl\u0151d\u0151k el\u00e9.<\/p>\n<p>Egyik legn\u00e9pszer\u0171bb \u00e1rucikk\u00fck a <strong>laptop t\u00f6lt\u0151<\/strong>. Ez olyan eszk\u00f6z, amely az elektromos h\u00e1l\u00f3zatb\u00f3l \u00e9rkez\u0151 \u00e1ramot a laptop akkumul\u00e1tor\u00e1nak t\u00f6lt\u00e9s\u00e9re haszn\u00e1lja. A f\u0151bb funkci\u00f3i a k\u00f6vetkez\u0151k:<\/p>\n<ul>\n<li>\u00c1ramell\u00e1t\u00e1s: biztos\u00edtja a k\u00e9sz\u00fcl\u00e9k sz\u00e1m\u00e1ra sz\u00fcks\u00e9ges \u00e1ramot, amikor a laptop csatlakoztatva van a t\u00f6lt\u0151h\u00f6z.<\/li>\n<li>Akkumul\u00e1tor t\u00f6lt\u00e9se: t\u00f6lti a mobil PC akkumul\u00e1tor\u00e1t, hogy az k\u00e9s\u0151bb haszn\u00e1lhat\u00f3 legyen, amikor nincs \u00e1ramforr\u00e1shoz csatlakoztatva.<\/li>\n<\/ul>\n<h3>Tipp:<\/h3>\n<ul>\n<li><a title=\"A laptop t\u00f6lt\u0151k \u00e9ppoly fontosak, mint maguk az akkumul\u00e1torok, biztos\u00edtva, hogy eszk\u00f6z\u00f6d mindig t\u00f6lt\u00f6tt maradjon\" href=\"https:\/\/www.laptophardware.hu\/laptop-tolto\" target=\"_blank\" rel=\"noopener\">V\u00e1s\u00e1rolj online laptop t\u00f6lt\u0151 adaptert<\/a><\/li>\n<\/ul>\n<hr \/>\n<h2>Tartalommarketing, SEO optimaliz\u00e1las<\/h2>\n<p>Weboldalak tartalmi vonatkoz\u00e1sai hat\u00e1rozz\u00e1k meg az adott oldal be\u00e1gyazhat\u00f3s\u00e1g\u00e1t az online k\u00f6rnyezetbe. Ett\u0151l f\u00fcgg a visszacsatol\u00e1sok hat\u00e9konys\u00e1ga. amely <a title=\"PR cikkek. Weboldal optimaliz\u00e1l\u00e1s. Pr\u00e9mium link\u00e9p\u00edt\u00e9s\" href=\"https:\/\/tanacsadas.eu\/\" target=\"_blank\" rel=\"noopener\">keres\u0151marketing szolg\u00e1ltat\u00e1s \u00e9s SEO tan\u00e1csad\u00e1s seg\u00edts\u00e9g\u00e9vel jav\u00edthat\u00f3<\/a>.. Aktu\u00e1lis kontextus l\u00e1tens szemantikai indexel\u00e9shez: <span style=\"text-decoration: underline;\">notebook jav\u00edt\u00e1s<\/span>; <em>infrasug\u00e1rz\u00f3k<\/em>; steriliz\u00e1ci\u00f3; lodzsa kert, z\u00f6ldtet\u0151.<\/p>\n<div id=\"attachment_1448\" style=\"width: 310px\" class=\"wp-caption alignright\"><img decoding=\"async\" aria-describedby=\"caption-attachment-1448\" class=\"wp-image-1448 size-full\" src=\"https:\/\/kiszo.hhrf.org\/seo\/wp-content\/uploads\/2022\/11\/tartalom-marketing-optimalizalas.jpg\" alt=\"tartalom marketing, optimaliz\u00e1las\" width=\"300\" height=\"157\" srcset=\"https:\/\/kiszo.hhrf.org\/seo\/wp-content\/uploads\/2022\/11\/tartalom-marketing-optimalizalas.jpg 300w, https:\/\/kiszo.hhrf.org\/seo\/wp-content\/uploads\/2022\/11\/tartalom-marketing-optimalizalas-260x136.jpg 260w, https:\/\/kiszo.hhrf.org\/seo\/wp-content\/uploads\/2022\/11\/tartalom-marketing-optimalizalas-150x79.jpg 150w, https:\/\/kiszo.hhrf.org\/seo\/wp-content\/uploads\/2022\/11\/tartalom-marketing-optimalizalas-20x10.jpg 20w\" sizes=\"(max-width: 300px) 100vw, 300px\" \/><p id=\"caption-attachment-1448\" class=\"wp-caption-text\">Az online tartalommarketing optimaliz\u00e1lt webtartalmakat k\u00edv\u00e1n<\/p><\/div>\n<p>Webtartalmak online elhelyez\u00e9s\u00e9nek legnyilv\u00e1nval\u00f3bb c\u00e9lja az inform\u00e1ci\u00f3k\u00f6zl\u00e9s. De m\u00e1s sz\u00e1nd\u00e9k is \u00e1llhat a tev\u00e9kenys\u00e9g m\u00f6g\u00f6tt. Egyenes marketingszempontok csak\u00fagy k\u00f6zrej\u00e1tszhatnak, mint a web vil\u00e1g\u00e1ban megszokott\u00e1 v\u00e1lt <em>linkelhelyez\u00e9s<\/em>.<\/p>\n<p>Es\u00e9lyes, hogy a t\u00e9likertekr\u0151l \u00edrt cikk egy \u00fcvegh\u00e1z\u00e9p\u00edt\u0151 szolg\u00e1ltat\u00e1s honlapj\u00e1t t\u00e1mogatja hivatkoz\u00e1s\u00e1val. Notebook akkumul\u00e1torokr\u00f3l olvasva val\u00f3sz\u00edn\u0171, hogy egy alkatr\u00e9sz \u00e1ruh\u00e1z linkj\u00e9t tal\u00e1ljuk a sz\u00f6vegben. Valamelyes leegyszer\u0171s\u00edtve <a title=\"N\u00f6v\u00e9nyek a teraszon. V\u00edzsz\u0171r\u00e9s \u00f6nt\u00f6z\u00e9shez\" href=\"https:\/\/kiszo.hhrf.org\/seo\/novenyek-a-teraszon-vizszures-ontozeshez\/\">a terasz n\u00f6v\u00e9nyeivel<\/a>, szobakertekkel \u00e9s mobil sz\u00e1m\u00edt\u00f3g\u00e9pekkel l\u00e1tens szemantikai kapcsolatba hozott fogalom komplex jelent\u00e9s\u00e9t \u00edgy fogalmazhatjuk meg:<\/p>\n<h5 style=\"padding-left: 40px;\">Helyez\u00e9sjav\u00edt\u00f3 c\u00e9l\u00fa tartalommarketingnek az \u00e9rt\u00e9kes webtartalmak el\u0151\u00e1ll\u00edt\u00e1s\u00e1val \u00e9s publik\u00e1l\u00e1s\u00e1val v\u00e9gzett keres\u0151marketing tev\u00e9kenys\u00e9get nevezz\u00fck.<\/h5>\n<p>Honlaptartalom el\u0151\u00e1ll\u00edt\u00e1sa sor\u00e1n sz\u00e1mos szempontot aj\u00e1nlatos figyelembe venni. A <em>weboldal optimaliz\u00e1l\u00e1s<\/em> t\u00e9m\u00e1j\u00fa blogban nyilv\u00e1n az online fel\u00fcleteken megjelen\u0151 webtartalmak, honlapsz\u00f6vegek r\u00e9v\u00e9n v\u00e9gezhet\u0151 SEM \u00e9s SEO tev\u00e9kenys\u00e9g. Szempontjait \u00e9rdemes k\u00f6zelebbr\u0151l megvizsg\u00e1lni.<\/p>\n<p>Evidenci\u00e1nak sz\u00e1m\u00edt, hogy amennyiben weboldalakon jelentetj\u00fck meg azokat a tartalmakat, amelyekkel marketingmunk\u00e1t v\u00e9gz\u00fcnk, akkor ezeknek a tartalmaknak alkalmasaknak kell lenni\u00fck az effajta felhaszn\u00e1l\u00e1sra. Ez nem csak a j\u00f3l \u00e9rtelmezhet\u0151s\u00e9get, az \u00e9rdekes, fontos, k\u00f6z\u00e9rdekl\u0151d\u00e9sre sz\u00e1mot tart\u00f3 tartalmat jelenti, hanem azt is, hogy az a tartalom az internetes keres\u00e9sek fel\u0151l n\u00e9zve j\u00f3l optimaliz\u00e1lt legyen.<\/p>\n<p>Ehhez sz\u00e1mos keres\u0151felt\u00e9telnek kell eleget tenni. Ezek \u00e9rv\u00e9nyes\u00edt\u00e9se szakmai ismereteket \u00e9s nagy tapasztalatot ig\u00e9nyel, ez\u00e9rt \u00e9rdemes az optimaliz\u00e1l\u00e1st szakemberre b\u00edzni, aki tiszt\u00e1ban van a SEO \u00e9s a Google-keres\u00e9sek jellegzetess\u00e9geivel.<\/p>\n<p>\u00cdgy k\u00e9pes az elv\u00e1r\u00e1soknak megfeleltetni a honlapot (ami &#8222;j\u00e1rul\u00e9kosan&#8221; ahhoz is vezethet, hogy a weboldal az els\u0151 Google-tal\u00e1lat el\u00e9r\u00e9s\u00e9re is alkalmass\u00e1 v\u00e1lik)<\/p>\n<h3>Optimaliz\u00e1lt honlaptartalom &#8211; content marketing<\/h3>\n<p>Bemutatok n\u00e9h\u00e1ny olyan tartalommarketing oldalt, amelyeknek a sz\u00f6vegi, k\u00e9pi \u00e9s technikai h\u00e1ttere szinte maxim\u00e1lisan optimaliz\u00e1lt, legal\u00e1bbis az audit rendszerek t\u00f6bbs\u00e9ge annak mutatja.<\/p>\n<h2><a id=\"clo2\"><\/a>Kl\u00f3r-dioxid, v\u00edz tiszt\u00edt\u00e1sa, v\u00edzsz\u0171r\u0151k<\/h2>\n<div id=\"attachment_1466\" style=\"width: 310px\" class=\"wp-caption alignleft\"><img decoding=\"async\" aria-describedby=\"caption-attachment-1466\" class=\"wp-image-1466 size-full\" src=\"https:\/\/kiszo.hhrf.org\/seo\/wp-content\/uploads\/2022\/11\/ipari-vizszuro.jpg\" alt=\"ipari v\u00edzsz\u0171r\u0151k h\u00e1ztart\u00e1sban\" width=\"300\" height=\"204\" srcset=\"https:\/\/kiszo.hhrf.org\/seo\/wp-content\/uploads\/2022\/11\/ipari-vizszuro.jpg 300w, https:\/\/kiszo.hhrf.org\/seo\/wp-content\/uploads\/2022\/11\/ipari-vizszuro-260x177.jpg 260w, https:\/\/kiszo.hhrf.org\/seo\/wp-content\/uploads\/2022\/11\/ipari-vizszuro-150x102.jpg 150w, https:\/\/kiszo.hhrf.org\/seo\/wp-content\/uploads\/2022\/11\/ipari-vizszuro-20x14.jpg 20w\" sizes=\"(max-width: 300px) 100vw, 300px\" \/><p id=\"caption-attachment-1466\" class=\"wp-caption-text\">Ipari v\u00edzsz\u0171r\u0151 berendez\u00e9sek &#8211; fert\u0151tlen\u00edt\u00e9s ClO2 oldattal<\/p><\/div>\n<p>T\u00e1rgyalt fogalmunk, az <a title=\"Vizeletelemz\u00e9s uroszk\u00f3pi\u00e1t\u00f3l genetikai tesztig\" href=\"https:\/\/tartalommarketing.org\/uroszkopia-vizelet-vizsgalat-teszt\/\" target=\"_blank\" rel=\"noopener\">uroszk\u00f3pia<\/a> \u00f3kori tudom\u00e1ny, ahogy sok egy\u00e9b, a g\u00f6r\u00f6g\u00f6kt\u0151l ered. F\u00e9nykor\u00e1t a k\u00f6z\u00e9pkorban \u00e9rte. A vizeletvizsg\u00e1lat sok mindent el\u00e1rul a szervezet betegs\u00e9geir\u0151l, melynek okoz\u00f3ja gyakran a fert\u0151z\u00f6tt iv\u00f3v\u00edz, amelyben k\u00f3rokoz\u00f3 bakt\u00e9riumok telepedhetnek meg. E betegs\u00e9geket gyakorta okozza Legionella \u00e9s Pseudomonas. Ezek kl\u00f3rdioxidos iv\u00f3v\u00edzkezel\u00e9ssel kisz\u0171rhet\u0151k.<\/p>\n<h2><a id=\"esoviz_tisztitas\"><\/a>K\u00fatv\u00edz sz\u0171r\u00e9s, es\u0151v\u00edz tiszt\u00edt\u00e1s h\u00e1zilag<\/h2>\n<div id=\"attachment_1461\" style=\"width: 310px\" class=\"wp-caption alignright\"><img decoding=\"async\" aria-describedby=\"caption-attachment-1461\" class=\"wp-image-1461 size-full\" src=\"https:\/\/kiszo.hhrf.org\/seo\/wp-content\/uploads\/2022\/11\/kutviz-tisztitas-szuro.jpg\" alt=\"k\u00fatv\u00edz tiszt\u00edt\u00e1s sz\u0171r\u00e9s\" width=\"300\" height=\"224\" srcset=\"https:\/\/kiszo.hhrf.org\/seo\/wp-content\/uploads\/2022\/11\/kutviz-tisztitas-szuro.jpg 300w, https:\/\/kiszo.hhrf.org\/seo\/wp-content\/uploads\/2022\/11\/kutviz-tisztitas-szuro-260x194.jpg 260w, https:\/\/kiszo.hhrf.org\/seo\/wp-content\/uploads\/2022\/11\/kutviz-tisztitas-szuro-150x112.jpg 150w, https:\/\/kiszo.hhrf.org\/seo\/wp-content\/uploads\/2022\/11\/kutviz-tisztitas-szuro-20x15.jpg 20w\" sizes=\"(max-width: 300px) 100vw, 300px\" \/><p id=\"caption-attachment-1461\" class=\"wp-caption-text\">K\u00fatv\u00edz tiszt\u00edt\u00e1shoz sz\u0171r\u0151 berendez\u00e9s<\/p><\/div>\n<p>F\u00fart \u00e9s \u00e1sott kutak, valamint a m\u0171anyag IBC-tart\u00e1lyokba gy\u0171jt\u00f6tt es\u0151vizet meg kell tiszt\u00edtani, hogy emberi fogyaszt\u00e1sra alkalmas legyen. Ham\u00e9rgez\u0151 anyag ker\u00fcl a szervezetbe, a vese kisz\u0171ri \u00e9s kimutathat\u00f3 lesz a vizeletben.<\/p>\n<p>Minden k\u00fatv\u00edzsz\u0171r\u0151 berendez\u00e9s telep\u00edt\u00e9se az olcs\u00f3 beruh\u00e1z\u00e1sok k\u00f6z\u00e9 tartozik. Ha csak a kert \u00f6nt\u00f6z\u00e9s\u00e9re van sz\u00fcks\u00e9ge folyad\u00e9kra, akkor minim\u00e1lis tiszt\u00edt\u00e1sra van sz\u00fcks\u00e9g. Ha iv\u00f3vizet<\/p>\n<p>Uroszk\u00f3pia: <em>vizeletvizsg\u00e1lat<\/em>, fert\u0151tlen\u00edt\u00e9s, <strong>v\u00edzsz\u0171r\u00e9s ipari \u00e9s h\u00e1ztart\u00e1si k\u00f6rnyezetben<\/strong>. A ClO2 k\u00f6rnyezetbar\u00e1t fert\u0151tlen\u00edt\u0151szer, csak a mikroorganizmusokat puszt\u00edtja el, nem maradnak h\u00e1tra szennyez\u0151anyagok \u00e9s szerves vegy\u00fcletek. \u00c9lelmiszeripari tart\u00e1lyok \u00e9s csomagol\u00f3eszk\u00f6z\u00f6k, elektromos berendez\u00e9sek, laptop billenty\u0171zetek tiszt\u00edt\u00e1s\u00e1ra kiv\u00e1l\u00f3. H\u0171t\u0151h\u00e1zak \u00e9s h\u0171t\u0151tornyok, m\u0171anyag kerti medenc\u00e9k cs\u00edramentes\u00edt\u00e9s\u00e9re, <a title=\"V\u00edzsz\u0171r\u0151k. K\u00fat- \u00e9s es\u0151v\u00edz tiszt\u00edt\u00e1s\" href=\"https:\/\/pr-cikk.hu\/vizszurok-kut-es-esoviz-tisztitas\/\" target=\"_blank\" rel=\"noopener\">es\u0151v\u00edz \u00e9s k\u00fatv\u00edz tiszt\u00edt\u00e1sra<\/a> is haszn\u00e1lj\u00e1k.<\/p>\n<h2><a id=\"laptopszerviz\"><\/a>Laptop alkatr\u00e9szek budapesti szervize<\/h2>\n<h5><a title=\"M\u00e1rk\u00e1k, t\u00edpusok, alkatr\u00e9szek. Laptop szerviz szolg\u00e1ltat\u00e1s\" href=\"https:\/\/laptopom.hu\/\" target=\"_blank\" rel=\"noopener\">Szerv\u00edz szolg\u00e1ltat\u00e1sok &#8211; notebook jav\u00edt\u00e1s Budapesten<\/a><\/h5>\n<div id=\"attachment_1457\" style=\"width: 310px\" class=\"wp-caption alignleft\"><img decoding=\"async\" aria-describedby=\"caption-attachment-1457\" class=\"wp-image-1457 size-full\" src=\"https:\/\/kiszo.hhrf.org\/seo\/wp-content\/uploads\/2022\/11\/laptop-szerviz-bp.jpg\" alt=\"Laptop szerviz Budapest\" width=\"300\" height=\"154\" srcset=\"https:\/\/kiszo.hhrf.org\/seo\/wp-content\/uploads\/2022\/11\/laptop-szerviz-bp.jpg 300w, https:\/\/kiszo.hhrf.org\/seo\/wp-content\/uploads\/2022\/11\/laptop-szerviz-bp-260x133.jpg 260w, https:\/\/kiszo.hhrf.org\/seo\/wp-content\/uploads\/2022\/11\/laptop-szerviz-bp-150x77.jpg 150w, https:\/\/kiszo.hhrf.org\/seo\/wp-content\/uploads\/2022\/11\/laptop-szerviz-bp-20x10.jpg 20w\" sizes=\"(max-width: 300px) 100vw, 300px\" \/><p id=\"caption-attachment-1457\" class=\"wp-caption-text\">Dell \u00e9s Asus alkatr\u00e9s-szerviz Bp.<\/p><\/div>\n<p>Hordozhat\u00f3 sz\u00e1m\u00edt\u00f3g\u00e9pek, legjobb laptop m\u00e1rk\u00e1k v\u00e1s\u00e1rl\u00e1sa, jav\u00edt\u00e1sa Budapesten garanci\u00e1val. M\u00e1rkaf\u00fcggetlen laptopszerviz + alkatr\u00e9sz web\u00e1ruh\u00e1z. A c\u00e9g honlapja kedvez\u0151 poz\u00edci\u00f3kat szerzett ilyen kulcsszavakkal \u00e9s keres\u0151kifejez\u00e9sekkel:<\/p>\n<ul>\n<li>Dell laptop akkumul\u00e1tor csere<\/li>\n<li>Acer laptop m\u00e1rka szerviz Budapest 13<\/li>\n<li>notebook kijelz\u0151 jav\u00edt\u00e1s azonnal<\/li>\n<li>Asus notebook akkumul\u00e1tor t\u00f6lt\u0151k: AC\/DC adapter, 19 V<\/li>\n<li>honlapoptimaliz\u00e1l\u00e1s google keres\u00e9shez<\/li>\n<li>laptopszerviz alkatr\u00e9szek &#8211; legjobb m\u00e1rk\u00e1k<\/li>\n<li>haszn\u00e1lt notebook v\u00e1s\u00e1rl\u00e1s garanci\u00e1val<\/li>\n<li>billenty\u0171zet tiszt\u00edt\u00e1s, fert\u0151tlen\u00edt\u00e9s<\/li>\n<\/ul>\n<h3><a id=\"infrafutes\"><\/a>Infraf\u0171t\u00e9s &#8211; mobil h\u0151sug\u00e1rz\u00f3 panelek<\/h3>\n<div id=\"attachment_1470\" style=\"width: 310px\" class=\"wp-caption alignleft\"><img decoding=\"async\" aria-describedby=\"caption-attachment-1470\" class=\"wp-image-1470 size-full\" src=\"https:\/\/kiszo.hhrf.org\/seo\/wp-content\/uploads\/2022\/12\/mobil-infrapanel-velemenyek.jpg\" alt=\"mobil infraf\u0171t\u00e9s - h\u0151sug\u00e1rz\u00f3 v\u00e9lem\u00e9nyek\" width=\"300\" height=\"120\" srcset=\"https:\/\/kiszo.hhrf.org\/seo\/wp-content\/uploads\/2022\/12\/mobil-infrapanel-velemenyek.jpg 300w, https:\/\/kiszo.hhrf.org\/seo\/wp-content\/uploads\/2022\/12\/mobil-infrapanel-velemenyek-260x104.jpg 260w, https:\/\/kiszo.hhrf.org\/seo\/wp-content\/uploads\/2022\/12\/mobil-infrapanel-velemenyek-150x60.jpg 150w, https:\/\/kiszo.hhrf.org\/seo\/wp-content\/uploads\/2022\/12\/mobil-infrapanel-velemenyek-20x8.jpg 20w\" sizes=\"(max-width: 300px) 100vw, 300px\" \/><p id=\"caption-attachment-1470\" class=\"wp-caption-text\">Mobil infrapanel v\u00e9lem\u00e9nyek<\/p><\/div>\n<p>Nemcsak falra vagy mennyezetre szerelhet\u0151 infrapanelek l\u00e9teznek. Praktikus a mobil infraf\u0171t\u00e9s, amely hordozhat\u00f3 h\u0151sug\u00e1rz\u00f3kkal val\u00f3s\u00edthat\u00f3 meg. Ezeket Mindig oda viheted, ahol \u00e9ppen sz\u00fcks\u00e9g van r\u00e1juk.<\/p>\n<p>Szakmai v\u00e9lem\u00e9nyek szerint a mobil infrapanelek alkalmasak nagyobb helyis\u00e9gek, z\u00e1rt teraszok f\u0171t\u00e9s\u00e9re is. Haszn\u00e1lat k\u00f6zben a fali f\u0171t\u0151panelek t\u00fal t\u00e1vol lehetnek aktu\u00e1lis tart\u00f3zkod\u00e1si helyedt\u0151l, de a mobilokat a k\u00f6zeledbe h\u00fazhatod, gur\u00edthatod. M\u00e1sf\u00e9l-k\u00e9t m\u00e9teres t\u00e1vols\u00e1gban biztosan nem fogsz f\u00e1zni mellette: a h\u0151sugarak \u00e1tmeleg\u00edtenek.<\/p>\n<h3>Mobilmarketing szolg\u00e1ltat\u00e1s &#8211; SMS kamp\u00e1ny<\/h3>\n<p>Ilyen p\u00e9ld\u00e1ul az okostelefonokkal, mobilalkalmaz\u00e1sokkal, friss technol\u00f3giai h\u00edrekkel jelentkez\u0151 <a href=\"https:\/\/mobilmarketing.blog.hu\/\">Mobil \u00e9s laptop marketing<\/a> c. h\u00edrblog. Ebben a szakmai blogban megjelen\u0151 olvasm\u00e1nyos cikkek azonban nemcsak \u00f6nmagukban \u00e9rdekesek: c\u00e9ljukat tekintve ezek a tartalmak az\u00e9rt ker\u00fcltek publik\u00e1l\u00e1sra, mi t\u00f6bb, a blog eg\u00e9sze az\u00e9rt j\u00f6tt l\u00e9tre, hogy t\u00e1mogassa az SMS-szolg\u00e1ltat\u00e1sokat k\u00edn\u00e1l\u00f3 c\u00e9g honlapj\u00e1t. Az itt megjelen\u0151 sz\u00f6vegek teh\u00e1t \u00e9rdekess\u00e9g\u00fck r\u00e9v\u00e9n<\/p>\n<ul>\n<li>egyr\u00e9szt felkeltik az internetes technik\u00e1k fejl\u0151d\u00e9s\u00e9t figyelemmel k\u00eds\u00e9r\u0151k \u00e9rdekl\u0151d\u00e9s\u00e9t<\/li>\n<li>m\u00e1sr\u00e9szt optimaliz\u00e1lts\u00e1guk r\u00e9v\u00e9n &#8222;saj\u00e1t jogon&#8221; \u00e9rt\u00e9kes helyez\u00e9seket szereznek az organikus Google-tal\u00e1latok k\u00f6z\u00f6tt a mobilmarketinggel, okostelefonokkal, laptop tiszt\u00edt\u00e1ssal kapcsolatos kulcsszavakkal<\/li>\n<li>harmadr\u00e9szt t\u00e1mogatj\u00e1k a Laptophardware \u00e9s Cintropur c\u00e9ges f\u0151oldalt (ez a t\u00e1mogat\u00e1s mind a k\u00f6zvetlen linkek, mind a domain-er\u0151s\u00edt\u00e9s, mind a m\u00e1rka\u00e9p\u00edt\u00e9s szintj\u00e9n megval\u00f3sul.<\/li>\n<\/ul>\n<p>A gyakorlatban teh\u00e1t ez esetben \u00fagy val\u00f3sul meg a tartalmi alap\u00fa marketing, hogy az \u00e9rt\u00e9kes tartalmak elk\u00e9sz\u00edt\u00e9se, k\u00f6zread\u00e1sa \u00e9s optimaliz\u00e1l\u00e1sa v\u00e9gs\u0151 soron egy bizonyos marketingc\u00e9lt szolg\u00e1l, azt, hogy a mobilszolg\u00e1ltat\u00e1st \u00e9s\/vagy notebookjav\u00edt\u00e1st ny\u00fajt\u00f3 c\u00e9g honlapja l\u00e1togatottabb, maga a v\u00e1llalkoz\u00e1s ismertebb legyen. \u00c9s \u00edgy t\u00f6bb megrendel\u00e9st kapjon p\u00e9ld\u00e1ul SMS- \u00e9s SEO-kamp\u00e1nyok lebonyol\u00edt\u00e1s\u00e1ra.<\/p>\n<h2>Tartalomoptimaliz\u00e1l\u00e1s + Link\u00e9p\u00edt\u00e9s<\/h2>\n<p>Az \u00e9rt\u00e9kes, min\u0151s\u00e9gi sz\u00f6vegtartalmakat k\u00f6zread\u00f3 webhelyeket term\u00e9szetesen nemcsak a keres\u0151optimaliz\u00e1l\u00e1s els\u0151 f\u00e1zisa szerinti munkafolyamnak kell al\u00e1vetni. A honlaptartalom optimaliz\u00e1l\u00e1st a linkprofil \u00e9p\u00edt\u00e9s k\u00f6veti: hat\u00e9konyak akkor lehetnek a marketinges c\u00e9lokkal l\u00e9trehozott \u00e9s k\u00f6z\u00f6lt sz\u00f6vegek, ha a befogad\u00f3 honlapok k\u00fcls\u0151 linkt\u00e1mogat\u00e1st is kapnak.<\/p>\n<p>Ha ez is tartalmakba csomagolva t\u00f6rt\u00e9nik, akkor ez m\u00e1r egyfajta m\u00e1sodlagos tartalommarketing elj\u00e1r\u00e1s. A komplex sz\u00f6veg\u00f6sszef\u00fcgg\u00e9sek \u00e9s tartalmi megfeleltet\u00e9sek-kieg\u00e9sz\u00edt\u00e9sek rendszer\u00e9b\u0151l \u00e9p\u00fcl fel az a webh\u00e1l\u00f3zat, amely \u00f6ner\u0151s\u00edt\u0151 internetes entit\u00e1sk\u00e9nt k\u00e9pes m\u0171k\u00f6dni. Ezzel a tal\u00e1lati SERP-list\u00e1kon el\u0151re mozd\u00edtja a weboldal poz\u00edci\u00f3j\u00e1t<\/p>\n<p><strong>Google optimaliz\u00e1l\u00e1s<\/strong> &#8211; <a title=\"Online tartalommarketing strat\u00e9gia\" href=\"https:\/\/tartalommarketing.net\/online-marketing-strategia\/\" target=\"_blank\" rel=\"noopener\">Tartalommarketing strat\u00e9gia az online szf\u00e9r\u00e1ban<\/a>: internetes sz\u00f6veg tartalmak el\u0151\u00e1ll\u00edt\u00e1s\u00e1val \u00e9s weboldalakon val\u00f3 megjelentet\u00e9s\u00e9vel v\u00e9gzett marketingtev\u00e9kenys\u00e9g.<\/p>\n<p>Egy kor\u00e1bbi mobilmarketing kamp\u00e1ny a <em>t\u00e9likert \u00e9s terasz \u00e9p\u00edt\u00e9s<\/em> n\u00e9pszer\u0171s\u00edt\u00e9se \u00e9s a honlaptartalom optimaliz\u00e1l\u00e1s jegy\u00e9ben zajlik.<\/p>\n<h3>Laptop jav\u00edt\u00f3, terasz be\u00e9p\u00edt\u00e9si \u00e9s iv\u00f3vizes weblapok optimaliz\u00e1l\u00e1sa<\/h3>\n<p>Online tartalom marketing szolg\u00e1ltat\u00e1s. Web optimaliz\u00e1l\u00e1s \u00e9s Google keres\u0151 marketing. Kl\u00f3r-dioxid tartalm\u00fa iv\u00f3v\u00edz fert\u0151tlen\u00edt\u0151 \u00e9s es\u0151v\u00edz tiszt\u00edt\u00f3 szer.<\/p>\n<p>A tartalommarketing egyedi tartalom el\u0151\u00e1ll\u00edt\u00e1s\u00e1val \u00e9s publik\u00e1l\u00e1s\u00e1val v\u00e9gzett &#8211; t\u00f6bbnyire online &#8211; marketingtev\u00e9kenys\u00e9g. Projektek h\u00edv\u00f3szavai: <em>infrapanel v\u00e9lem\u00e9nyek<\/em>,\u00a0 <em>terasz be\u00e9p\u00edt\u00e9s budapest<\/em> &#8211; asus, acer, lenovo notebook szervizek. <strong>SEO ClO2<\/strong>: iv\u00f3v\u00edz fert\u0151tlen\u00edt\u00e9s kl\u00f3r-dioxid szerrel pseudomonas bakt\u00e9rium fert\u0151z\u00e9s ellen. Ford\u00edtott ozm\u00f3zis elv\u00e9n m\u0171k\u00f6d\u0151 v\u00edzsz\u0171r\u0151k. Az infraf\u0171t\u00e9s el\u0151nyei \u00e9s h\u00e1tr\u00e1nyai: v\u00e9lem\u00e9nyek \u00e9s tan\u00e1csad\u00e1s.<\/p>\n<h4><a href=\"#laptopszerviz\">laptop szerviz<\/a> | clo2 | es\u0151v\u00edz tiszt\u00edt\u00e1s | infraf\u0171t\u00e9s<\/h4>\n","protected":false},"excerpt":{"rendered":"<p>2024: Laptop alkatr\u00e9szek online B\u00e1r a k\u00e9pen egy val\u00f3s laptop alkatr\u00e9sz \u00e1ruh\u00e1z kirakata l\u00e1tszik k\u00fcl\u00f6nb\u00f6z\u0151 alkatr\u00e9szekkel, sokak n\u00e9zete szerint l\u0151ny\u00f6sebb online \u00e1ruh\u00e1zakban v\u00e1s\u00e1rolni. Nagyobb a v\u00e1laszt\u00e9k, kedvez\u0151bbek az \u00e1rak, jelent\u0151s \u00e9rt\u00e9k\u0171 v\u00e1s\u00e1rl\u00e1s eset\u00e9ben ingyenes a h\u00e1zhoz sz\u00e1ll\u00edt\u00e1s. \u00cdgy egyre t\u00f6bben veszik ig\u00e9nybe olyan notebook webshop szolg\u00e1ltat\u00e1sait,&#8230;<\/p>\n<p class=\"continue-reading-button\"> <a class=\"continue-reading-link\" href=\"https:\/\/kiszo.hhrf.org\/seo\/online-tartalom-marketing\/\">Itt a teljes cikk<i class=\"crycon-right-dir\"><\/i><\/a><\/p>\n","protected":false},"author":1,"featured_media":0,"parent":0,"menu_order":0,"comment_status":"closed","ping_status":"closed","template":"","meta":{"footnotes":""},"categories":[146,1,64],"tags":[168,175,178,126,177],"class_list":["post-1450","page","type-page","status-publish","hentry","category-marketing","category-seo","category-tartalom","tag-budapest","tag-infrafutes","tag-laptopok","tag-tartalommarketing","tag-tiszta-viz"],"aioseo_notices":[],"_links":{"self":[{"href":"https:\/\/kiszo.hhrf.org\/seo\/wp-json\/wp\/v2\/pages\/1450","targetHints":{"allow":["GET"]}}],"collection":[{"href":"https:\/\/kiszo.hhrf.org\/seo\/wp-json\/wp\/v2\/pages"}],"about":[{"href":"https:\/\/kiszo.hhrf.org\/seo\/wp-json\/wp\/v2\/types\/page"}],"author":[{"embeddable":true,"href":"https:\/\/kiszo.hhrf.org\/seo\/wp-json\/wp\/v2\/users\/1"}],"replies":[{"embeddable":true,"href":"https:\/\/kiszo.hhrf.org\/seo\/wp-json\/wp\/v2\/comments?post=1450"}],"version-history":[{"count":0,"href":"https:\/\/kiszo.hhrf.org\/seo\/wp-json\/wp\/v2\/pages\/1450\/revisions"}],"wp:attachment":[{"href":"https:\/\/kiszo.hhrf.org\/seo\/wp-json\/wp\/v2\/media?parent=1450"}],"wp:term":[{"taxonomy":"category","embeddable":true,"href":"https:\/\/kiszo.hhrf.org\/seo\/wp-json\/wp\/v2\/categories?post=1450"},{"taxonomy":"post_tag","embeddable":true,"href":"https:\/\/kiszo.hhrf.org\/seo\/wp-json\/wp\/v2\/tags?post=1450"}],"curies":[{"name":"wp","href":"https:\/\/api.w.org\/{rel}","templated":true}]}}